{"id":20,"date":"2017-06-29T02:54:20","date_gmt":"2017-06-29T02:54:20","guid":{"rendered":"http:\/\/facheux.ca\/theatre\/?page_id=20"},"modified":"2026-01-06T05:14:52","modified_gmt":"2026-01-06T05:14:52","slug":"accueil","status":"publish","type":"page","link":"http:\/\/facheux.ca\/theatre\/","title":{"rendered":"Accueil"},"content":{"rendered":"<p><div class=\"fusion-fullwidth fullwidth-box fusion-builder-row-1 nonhundred-percent-fullwidth non-hundred-percent-height-scrolling\" style=\"background-color: rgba(255,255,255,0);background-position: center center;background-repeat: no-repeat;padding-top:0px;padding-right:0px;padding-bottom:0px;padding-left:0px;margin-bottom: 0px;margin-top: -50px;border-width: 0px 0px 0px 0px;border-color:#eae9e9;border-style:solid;\" ><div class=\"fusion-builder-row fusion-row\"><div class=\"fusion-layout-column fusion_builder_column fusion-builder-column-0 fusion_builder_column_1_1 1_1 fusion-one-full fusion-column-first fusion-column-last\" style=\"margin-top:0px;margin-bottom:20px;\"><div class=\"fusion-column-wrapper fusion-flex-column-wrapper-legacy\" style=\"background-position:left top;background-repeat:no-repeat;-webkit-background-size:cover;-moz-background-size:cover;-o-background-size:cover;background-size:cover;padding: 0px 0px 0px 0px;\"><div class=\"imageframe-align-center\"><span class=\" fusion-imageframe imageframe-none imageframe-1 hover-type-none\"><a class=\"fusion-no-lightbox\" href=\"https:\/\/facheux.ca\/theatre\/spectacles\/#dvpt\" target=\"_self\" aria-label=\"REVO_Web\"><img decoding=\"async\" width=\"1000\" height=\"500\" src=\"http:\/\/facheux.ca\/theatre\/wp-content\/uploads\/2026\/01\/REVO_Web-1024x512.jpg\" class=\"img-responsive wp-image-600\" srcset=\"http:\/\/facheux.ca\/theatre\/wp-content\/uploads\/2026\/01\/REVO_Web-200x100.jpg 200w, http:\/\/facheux.ca\/theatre\/wp-content\/uploads\/2026\/01\/REVO_Web-400x200.jpg 400w, http:\/\/facheux.ca\/theatre\/wp-content\/uploads\/2026\/01\/REVO_Web-600x300.jpg 600w, http:\/\/facheux.ca\/theatre\/wp-content\/uploads\/2026\/01\/REVO_Web-800x400.jpg 800w, http:\/\/facheux.ca\/theatre\/wp-content\/uploads\/2026\/01\/REVO_Web-1200x600.jpg 1200w\" sizes=\"(max-width: 800px) 100vw, 1200px\" \/><\/a><\/span><\/div><style type=\"text\/css\"><\/style><div class=\"fusion-title title fusion-title-1 fusion-title-center fusion-title-text fusion-title-size-one\" style=\"margin-top:40px;margin-right:0px;margin-bottom:31px;margin-left:0px;\"><div class=\"title-sep-container title-sep-container-left\"><div class=\"title-sep sep-single sep-solid\" style=\"border-color:#d62027;\"><\/div><\/div><h1 class=\"title-heading-center\" style=\"margin:0;\"><span style=\"color: #000000;\">Mandat<\/span><\/h1><div class=\"title-sep-container title-sep-container-right\"><div class=\"title-sep sep-single sep-solid\" style=\"border-color:#d62027;\"><\/div><\/div><\/div><div class=\"fusion-text fusion-text-1\"><p>Le F\u00e2cheux Th\u00e9\u00e2tre est une compagnie de th\u00e9\u00e2tre professionnel sans but lucratif qui a pour mandat la recherche, la production et la diffusion th\u00e9\u00e2trales. Il s\u2019int\u00e9resse aux textes vibrants du r\u00e9pertoire \u00e0 la forte r\u00e9sonance contemporaine, ainsi qu\u2019aux artistes et aux projets \u00e0 la d\u00e9marche originale, dont les propos suscitent une r\u00e9flexion sur notre soci\u00e9t\u00e9.<\/p>\n<p>L\u2019action du F\u00e2cheux Th\u00e9\u00e2tre se d\u00e9cline en deux volets. Le premier pr\u00e9sente un th\u00e9\u00e2tre estival en plein air, nomm\u00e9 \u00ab\u00a0Moli\u00e8re dans le Parc\u00a0\u00bb, qui cherche \u00e0 d\u00e9mocratiser l\u2019acc\u00e8s au th\u00e9\u00e2tre et \u00e0 rejoindre un public vaste et diversifi\u00e9. Le deuxi\u00e8me se consacre \u00e0 la recherche th\u00e9\u00e2trale et s\u2019articule autour des pr\u00e9occupations de la compagnie et de ses artistes. Les projets de ce volet se lib\u00e8rent des contraintes du th\u00e9\u00e2tre en plein air et investissent des lieux vari\u00e9s.<\/p>\n<p style=\"text-align: center;\">Direction artistique\u00a0: Sylvain Sabati\u00e9<\/p>\n<\/div><div class=\"fusion-clearfix\"><\/div><\/div><\/div><\/div><\/div><div class=\"fusion-fullwidth fullwidth-box fusion-builder-row-2 fusion-parallax-fixed nonhundred-percent-fullwidth non-hundred-percent-height-scrolling\" style=\"background-color: rgba(255,255,255,0);background-image: url(&quot;http:\/\/facheux.ca\/theatre\/wp-content\/uploads\/2020\/05\/66728359_459205141478810_7513989565741268992_n-scaled.jpg&quot;);background-position: center center;background-repeat: no-repeat;padding-top:0px;padding-right:0px;padding-bottom:0px;padding-left:0px;margin-bottom: 0px;margin-top: 0px;border-width: 4px 0px 4px 0px;border-color:#eae9e9;border-style:solid;-webkit-background-size:cover;-moz-background-size:cover;-o-background-size:cover;background-size:cover;background-attachment:fixed;\" ><div class=\"fusion-builder-row fusion-row\"><div class=\"fusion-layout-column fusion_builder_column fusion-builder-column-1 fusion_builder_column_1_1 1_1 fusion-one-full fusion-column-first fusion-column-last\" style=\"margin-top:0px;margin-bottom:20px;\"><div class=\"fusion-column-wrapper fusion-flex-column-wrapper-legacy\" style=\"background-position:center center;background-repeat:no-repeat;-webkit-background-size:cover;-moz-background-size:cover;-o-background-size:cover;background-size:cover;padding: 0px 0px 0px 0px;\"><style type=\"text\/css\"><\/style><div class=\"fusion-title title fusion-title-2 fusion-sep-none fusion-title-center fusion-title-text fusion-title-size-one\" style=\"margin-top:100px;margin-right:0px;margin-bottom:100px;margin-left:0px;\"><h1 class=\"title-heading-center\" style=\"margin:0;\"><p>&nbsp;<\/p>\n<p>&nbsp;<\/p>\n<p>&nbsp;<\/p><\/h1><\/div><div class=\"fusion-clearfix\"><\/div><\/div><\/div><\/div><\/div><div class=\"fusion-fullwidth fullwidth-box fusion-builder-row-3 nonhundred-percent-fullwidth non-hundred-percent-height-scrolling\" style=\"background-color: rgba(255,255,255,0);background-position: center center;background-repeat: no-repeat;padding-top:0px;padding-right:0px;padding-bottom:0px;padding-left:0px;margin-bottom: 0px;margin-top: 25px;border-width: 0px 0px 0px 0px;border-color:#eae9e9;border-style:solid;\" ><div class=\"fusion-builder-row fusion-row\"><div class=\"fusion-layout-column fusion_builder_column fusion-builder-column-2 fusion_builder_column_1_1 1_1 fusion-one-full fusion-column-first fusion-column-last\" style=\"margin-top:0px;margin-bottom:20px;\"><div class=\"fusion-column-wrapper fusion-flex-column-wrapper-legacy\" style=\"background-position:left top;background-repeat:no-repeat;-webkit-background-size:cover;-moz-background-size:cover;-o-background-size:cover;background-size:cover;padding: 0px 0px 0px 0px;\"><style type=\"text\/css\"><\/style><div class=\"fusion-title title fusion-title-3 fusion-title-center fusion-title-text fusion-title-size-one\" style=\"margin-top:0px;margin-right:0px;margin-bottom:31px;margin-left:0px;\"><div class=\"title-sep-container title-sep-container-left\"><div class=\"title-sep sep-single sep-solid\" style=\"border-color:#d62027;\"><\/div><\/div><h1 class=\"title-heading-center\" style=\"margin:0;\">Contact<\/h1><div class=\"title-sep-container title-sep-container-right\"><div class=\"title-sep sep-single sep-solid\" style=\"border-color:#d62027;\"><\/div><\/div><\/div><div class=\"fusion-text fusion-text-2\"><p><strong>F\u00e2cheux Th\u00e9\u00e2tre<\/strong><br \/>\nC-56, rue Saint-\u00c9tienne<br \/>\nGatineau QC J8X\u00a01J1<br \/>\n<a href=\"mailto:info@facheux.ca\">info@facheux.ca<\/a><\/p>\n<\/div><div class=\"fusion-clearfix\"><\/div><\/div><\/div><\/div><\/div><div class=\"fusion-fullwidth fullwidth-box fusion-builder-row-4 fusion-parallax-fixed nonhundred-percent-fullwidth non-hundred-percent-height-scrolling\" style=\"background-color: rgba(255,255,255,0);background-image: url(&quot;http:\/\/facheux.ca\/theatre\/wp-content\/uploads\/2017\/11\/Jalousie_\u00a9.Martin.Cadieux-4_72dpi.jpg&quot;);background-position: center center;background-repeat: no-repeat;padding-top:0px;padding-right:0px;padding-bottom:0px;padding-left:0px;margin-bottom: 0px;margin-top: 0px;border-width: 4px 0px 4px 0px;border-color:#eae9e9;border-style:solid;-webkit-background-size:cover;-moz-background-size:cover;-o-background-size:cover;background-size:cover;background-attachment:fixed;\" ><div class=\"fusion-builder-row fusion-row\"><div class=\"fusion-layout-column fusion_builder_column fusion-builder-column-3 fusion_builder_column_1_1 1_1 fusion-one-full fusion-column-first fusion-column-last\" style=\"margin-top:0px;margin-bottom:20px;\"><div class=\"fusion-column-wrapper fusion-flex-column-wrapper-legacy\" style=\"background-position:center center;background-repeat:no-repeat;-webkit-background-size:cover;-moz-background-size:cover;-o-background-size:cover;background-size:cover;padding: 0px 0px 0px 0px;\"><style type=\"text\/css\"><\/style><div class=\"fusion-title title fusion-title-4 fusion-sep-none fusion-title-center fusion-title-text fusion-title-size-one\" style=\"margin-top:100px;margin-right:0px;margin-bottom:100px;margin-left:0px;\"><h1 class=\"title-heading-center\" style=\"margin:0;\"><\/h1><\/div><div class=\"fusion-clearfix\"><\/div><\/div><\/div><\/div><\/div><\/p>\n","protected":false},"excerpt":{"rendered":"","protected":false},"author":1,"featured_media":0,"parent":0,"menu_order":0,"comment_status":"closed","ping_status":"closed","template":"100-width.php","meta":{"footnotes":""},"_links":{"self":[{"href":"http:\/\/facheux.ca\/theatre\/wp-json\/wp\/v2\/pages\/20"}],"collection":[{"href":"http:\/\/facheux.ca\/theatre\/wp-json\/wp\/v2\/pages"}],"about":[{"href":"http:\/\/facheux.ca\/theatre\/wp-json\/wp\/v2\/types\/page"}],"author":[{"embeddable":true,"href":"http:\/\/facheux.ca\/theatre\/wp-json\/wp\/v2\/users\/1"}],"replies":[{"embeddable":true,"href":"http:\/\/facheux.ca\/theatre\/wp-json\/wp\/v2\/comments?post=20"}],"version-history":[{"count":88,"href":"http:\/\/facheux.ca\/theatre\/wp-json\/wp\/v2\/pages\/20\/revisions"}],"predecessor-version":[{"id":601,"href":"http:\/\/facheux.ca\/theatre\/wp-json\/wp\/v2\/pages\/20\/revisions\/601"}],"wp:attachment":[{"href":"http:\/\/facheux.ca\/theatre\/wp-json\/wp\/v2\/media?parent=20"}],"curies":[{"name":"wp","href":"https:\/\/api.w.org\/{rel}","templated":true}]}}